{"id":89,"date":"2017-09-01T23:17:13","date_gmt":"2017-09-01T21:17:13","guid":{"rendered":"https:\/\/bl.network\/blog\/?page_id=89"},"modified":"2023-04-02T09:33:27","modified_gmt":"2023-04-02T07:33:27","slug":"a-propos","status":"publish","type":"page","link":"https:\/\/bl.network\/blog\/a-propos\/","title":{"rendered":"\u00c0 propos"},"content":{"rendered":"<h2><strong>Blog d&rsquo;un sysadmin<\/strong><\/h2>\n<p><em>Solutions open sources en environnement GNU\/Linux Debian.<\/em><\/p>\n<p><a href=\"https:\/\/bl.network\"><input type=\"button\" value=\"Page personnelle\" \/><\/a><\/p>\n<p>Pourquoi <strong>BackLink<\/strong> ?<\/p>\n<p>Le <em>lien entrant<\/em> repr\u00e9sente \u00e0 lui seul le fonctionnement du web, fait de sites interconnect\u00e9s.<\/p>\n<p>Et il rappelle mes initiales. D&rsquo;o\u00f9 le domaine <a href=\"https:\/\/bl.network\">bl.network<\/a>.<\/p>\n<hr \/>\n<p><u>Cl\u00e9 publique de chiffrement PGP<\/u><\/p>\n<pre>curl https:\/\/bl.network\/user\/pages\/01.home\/benoit.lavergne.bl.asc<\/pre>\n","protected":false},"excerpt":{"rendered":"<p>Blog d&rsquo;un sysadmin Solutions open sources en environnement GNU\/Linux Debian. Pourquoi BackLink ? Le lien entrant repr\u00e9sente \u00e0 lui seul le fonctionnement du web, fait de sites interconnect\u00e9s. Et il rappelle mes initiales. D&rsquo;o\u00f9 le<a class=\"read-more\" href=\"https:\/\/bl.network\/blog\/a-propos\/\">Lire la suite&#8230;<\/a><\/p>\n","protected":false},"author":1,"featured_media":0,"parent":0,"menu_order":0,"comment_status":"closed","ping_status":"closed","template":"","meta":{"footnotes":""},"class_list":["post-89","page","type-page","status-publish","hentry"],"_links":{"self":[{"href":"https:\/\/bl.network\/blog\/wp-json\/wp\/v2\/pages\/89","targetHints":{"allow":["GET"]}}],"collection":[{"href":"https:\/\/bl.network\/blog\/wp-json\/wp\/v2\/pages"}],"about":[{"href":"https:\/\/bl.network\/blog\/wp-json\/wp\/v2\/types\/page"}],"author":[{"embeddable":true,"href":"https:\/\/bl.network\/blog\/wp-json\/wp\/v2\/users\/1"}],"replies":[{"embeddable":true,"href":"https:\/\/bl.network\/blog\/wp-json\/wp\/v2\/comments?post=89"}],"version-history":[{"count":22,"href":"https:\/\/bl.network\/blog\/wp-json\/wp\/v2\/pages\/89\/revisions"}],"predecessor-version":[{"id":249,"href":"https:\/\/bl.network\/blog\/wp-json\/wp\/v2\/pages\/89\/revisions\/249"}],"wp:attachment":[{"href":"https:\/\/bl.network\/blog\/wp-json\/wp\/v2\/media?parent=89"}],"curies":[{"name":"wp","href":"https:\/\/api.w.org\/{rel}","templated":true}]}}